{"id":313,"date":"2018-06-15T13:49:28","date_gmt":"2018-06-15T11:49:28","guid":{"rendered":"http:\/\/casa.artviper.de\/impressum\/"},"modified":"2025-07-17T13:10:11","modified_gmt":"2025-07-17T11:10:11","slug":"impressum","status":"publish","type":"page","link":"https:\/\/nidolino.com\/it\/impressum\/","title":{"rendered":"Impressum"},"content":{"rendered":"<h1>Colophon<\/h1>\n<h2><strong>Dati ai sensi del \u00a7 5 DDG:<\/strong><\/h2>\n<p>Ingolf Balzereit<br \/>\nBachstrasse 3b<br \/>\n92708 Mantel<\/p>\n<p>Germania<\/p>\n<h2><strong>Contatto:<\/strong><\/h2>\n<p>Cell.: 0049 170 44 95 052<br \/>\nE-Mail: info@nidolino.com<\/p>\n<h3><strong>Risoluzione delle controversie dei consumatori \/ Collegio arbitrale universale<\/strong><\/h3>\n<p>Non siamo n\u00e9 disposti n\u00e9 obbligati a partecipare a procedimenti di risoluzione delle controversie dinanzi a un collegio arbitrale dei consumatori.<\/p>\n<h3><strong>Responsabilit\u00e0 per i contenuti<\/strong><\/h3>\n<p data-pm-slice=\"1 1 []\">In qualit\u00e0 di fornitore di servizi, siamo responsabili dei nostri contenuti su queste pagine in conformit\u00e0 con le leggi generali. Tuttavia, in qualit\u00e0 di fornitore di servizi, non siamo obbligati a monitorare le informazioni di terzi trasmesse o memorizzate o a indagare su circostanze che indicano attivit\u00e0 illegali. Restano impregiudicati gli obblighi di rimozione o di blocco dell&#8217;utilizzo delle informazioni previsti dalle leggi generali. Tuttavia, una responsabilit\u00e0 in questo senso \u00e8 possibile solo a partire dal momento in cui si viene a conoscenza di una concreta violazione della legge. Se venissimo a conoscenza di eventuali violazioni legali corrispondenti, rimuoveremo immediatamente questo contenuto.<\/p>\n<h3><strong>Responsabilit\u00e0 per i collegamenti ipertestuali<\/strong><\/h3>\n<p>La nostra offerta contiene collegamenti ipertestuali a pagine Internet esterne di terzi, sui cui contenuti non abbiamo alcun tipo di influenza. Per questo motivo non possiamo assumerci alcuna responsabilit\u00e0 per i contenuti altrui. Per i contenuti delle pagine collegate mediante link, la responsabilit\u00e0 ricade sempre sul relativo offerente o gestore della pagina. Le pagine collegate mediante link sono state controllate al momento della creazione del collegamento riguardo a eventuali violazioni della legge. Non erano riconoscibili contenuti illeciti al momento della creazione del collegamento.<\/p>\n<p>Un controllo costante dei contenuti delle pagine collegate mediante link non \u00e8 tuttavia presumibile senza riferimenti concreti a una violazione della legge. In seguito alla scoperta di violazioni della legge rimuoveremo tempestivamente i link interessati.<\/p>\n<h3><strong>Diritto d\u2019autore<\/strong><\/h3>\n<p>I contenuti e le opere realizzate su queste pagine dal gestore delle pagine sono soggetti al diritto d\u2019autore tedesco. La riproduzione, l\u2019elaborazione, la diffusione e qualunque tipo di utilizzo al di fuori dei limiti del diritto d\u2019autore richiedono la preventiva autorizzazione dell\u2019autore o del creatore. I materiali scaricati e le copie di questa pagina sono consentiti esclusivamente per l\u2019uso privato non commerciale.<\/p>\n<p>Se i contenuti su questa pagina non sono stati creati dal gestore, si rispetteranno i diritti d\u2019autore di terzi. In particolare i contenuti di terzi vengono contrassegnati come tali. Se ci\u00f2 nonostante notate una violazione del diritto d\u2019autore, vi preghiamo di segnalarcela. In seguito alla scoperta di tali violazioni della legge rimuoveremo tempestivamente i link interessati.<\/p>\n<h3><strong>Immagini utilizzate: Shutterstock<\/strong><\/h3>\n<p>Numero di foto non soggette a licenza: foto ID 776310739 vololibero, foto ID 552328852 Marcin Krzyzak, foto ID 260868023 tanialerro.art, foto ID 505540363 Marcin Krzyzak, foto ID 790146868 Spoptnicki, foto ID 1025586514 Kanturu, foto ID 661461121 Davesayit, foto ID 691355011 Stefano _Valeri, foto ID 439023031 Josef Skacel e possedere immagini autoprodotte.<\/p>\n","protected":false},"excerpt":{"rendered":"<p>Colophon Dati ai sensi del \u00a7 5 DDG: Ingolf Balzereit Bachstrasse 3b 92708 Mantel Germania Contatto: Cell.: 0049 170 44 95 052 E-Mail: info@nidolino.com Risoluzione delle controversie dei consumatori \/ Collegio arbitrale universale Non siamo n\u00e9 disposti n\u00e9 obbligati a &#8230; <br \/><a class=\"read-more\" href=\"https:\/\/nidolino.com\/it\/impressum\/\">Read More<\/a><\/p>\n","protected":false},"author":1,"featured_media":0,"parent":0,"menu_order":3,"comment_status":"closed","ping_status":"closed","template":"page-lightbox.php","meta":{"_acf_changed":false,"footnotes":""},"class_list":["post-313","page","type-page","status-publish","hentry"],"acf":[],"_links":{"self":[{"href":"https:\/\/nidolino.com\/it\/wp-json\/wp\/v2\/pages\/313","targetHints":{"allow":["GET"]}}],"collection":[{"href":"https:\/\/nidolino.com\/it\/wp-json\/wp\/v2\/pages"}],"about":[{"href":"https:\/\/nidolino.com\/it\/wp-json\/wp\/v2\/types\/page"}],"author":[{"embeddable":true,"href":"https:\/\/nidolino.com\/it\/wp-json\/wp\/v2\/users\/1"}],"replies":[{"embeddable":true,"href":"https:\/\/nidolino.com\/it\/wp-json\/wp\/v2\/comments?post=313"}],"version-history":[{"count":5,"href":"https:\/\/nidolino.com\/it\/wp-json\/wp\/v2\/pages\/313\/revisions"}],"predecessor-version":[{"id":1525,"href":"https:\/\/nidolino.com\/it\/wp-json\/wp\/v2\/pages\/313\/revisions\/1525"}],"wp:attachment":[{"href":"https:\/\/nidolino.com\/it\/wp-json\/wp\/v2\/media?parent=313"}],"curies":[{"name":"wp","href":"https:\/\/api.w.org\/{rel}","templated":true}]}}